{"id":2184,"date":"2019-06-02T12:54:47","date_gmt":"2019-06-02T12:54:47","guid":{"rendered":"http:\/\/energyworks.com.tr\/?page_id=2184"},"modified":"2023-10-01T09:57:13","modified_gmt":"2023-10-01T09:57:13","slug":"solar-pv-market-and-investment-opportunities-in-turkey","status":"publish","type":"page","link":"https:\/\/energyworks.com.tr\/tr\/insights\/solar-pv-market-and-investment-opportunities-in-turkey\/","title":{"rendered":"Solar PV Market and Investment Opportunities in Turkey"},"content":{"rendered":"<div data-elementor-type=\"wp-post\" data-elementor-id=\"2184\" class=\"elementor elementor-2184\">\n\t\t\t\t\t\t<section class=\"elementor-section elementor-top-section elementor-element elementor-element-9dc7ddf elementor-section-content-middle elementor-section-height-min-height elementor-section-boxed elementor-section-height-default elementor-section-items-middle\" data-id=\"9dc7ddf\" data-element_type=\"section\">\n\t\t\t\t\t\t<div class=\"elementor-container elementor-column-gap-no\">\n\t\t\t\t\t<div class=\"elementor-column elementor-col-100 elementor-top-column elementor-element elementor-element-fac85c3\" data-id=\"fac85c3\" data-element_type=\"column\" data-settings=\"{&quot;background_background&quot;:&quot;classic&quot;}\">\n\t\t\t<div class=\"elementor-widget-wrap elementor-element-populated\">\n\t\t\t\t\t\t<section class=\"elementor-section elementor-inner-section elementor-element elementor-element-4e25b05 elementor-section-content-middle elementor-section-boxed elementor-section-height-default elementor-section-height-default\" data-id=\"4e25b05\" data-element_type=\"section\" data-settings=\"{&quot;background_background&quot;:&quot;classic&quot;}\">\n\t\t\t\t\t\t\t<div class=\"elementor-background-overlay\"><\/div>\n\t\t\t\t\t\t\t<div class=\"elementor-container elementor-column-gap-no\">\n\t\t\t\t\t<div class=\"elementor-column elementor-col-100 elementor-inner-column elementor-element elementor-element-6b6f7fb\" data-id=\"6b6f7fb\" data-element_type=\"column\" data-settings=\"{&quot;background_background&quot;:&quot;classic&quot;}\">\n\t\t\t<div class=\"elementor-widget-wrap elementor-element-populated\">\n\t\t\t\t\t\t<div class=\"elementor-element elementor-element-d85887c elementor-widget elementor-widget-heading\" data-id=\"d85887c\" data-element_type=\"widget\" data-widget_type=\"heading.default\">\n\t\t\t\t<div class=\"elementor-widget-container\">\n\t\t\t<h2 class=\"elementor-heading-title elementor-size-default\">\u00d6ne \u00c7\u0131kan \u0130\u00e7erikler<\/h2>\t\t<\/div>\n\t\t\t\t<\/div>\n\t\t\t\t\t<\/div>\n\t\t<\/div>\n\t\t\t\t\t<\/div>\n\t\t<\/section>\n\t\t\t\t\t<\/div>\n\t\t<\/div>\n\t\t\t\t\t<\/div>\n\t\t<\/section>\n\t\t\t\t<section class=\"elementor-section elementor-top-section elementor-element elementor-element-12f882e elementor-section-boxed elementor-section-height-default elementor-section-height-default\" data-id=\"12f882e\" data-element_type=\"section\">\n\t\t\t\t\t\t<div class=\"elementor-container elementor-column-gap-default\">\n\t\t\t\t\t<div class=\"elementor-column elementor-col-100 elementor-top-column elementor-element elementor-element-85ea3be\" data-id=\"85ea3be\" data-element_type=\"column\">\n\t\t\t<div class=\"elementor-widget-wrap elementor-element-populated\">\n\t\t\t\t\t\t<div class=\"elementor-element elementor-element-b3d68d5 elementor-widget elementor-widget-heading\" data-id=\"b3d68d5\" data-element_type=\"widget\" data-widget_type=\"heading.default\">\n\t\t\t\t<div class=\"elementor-widget-container\">\n\t\t\t<h2 class=\"elementor-heading-title elementor-size-default\">Solar PV Market and Investment Opportunities in Turkey<\/h2>\t\t<\/div>\n\t\t\t\t<\/div>\n\t\t\t\t<div class=\"elementor-element elementor-element-b1c6911 elementor-widget elementor-widget-text-editor\" data-id=\"b1c6911\" data-element_type=\"widget\" data-widget_type=\"text-editor.default\">\n\t\t\t\t<div class=\"elementor-widget-container\">\n\t\t\t\t\t\t\t<p><span style=\"font-size: 14px;\">Turkey has a substantial amount of renewable energy potential, and the utilization of this potential has been increasing over the last decade. By the end of July 2018, hydro and wind resources constitute the vast majority of the Turkey\u2019s renewable energy resources, accounting for 27,456 MW and 6,580 MW respectively of the total installed capacity of more than 87,040 MW. However, Solar PV energy will also comprise a significant portion of the total capacity as rapid growth in utilization of Solar PV energy resources will be experienced in coming years.<\/span><\/p><p>In accordance with the European Parliament and Council Directive 2009\/28\/EC on 23 April 2009, on the promotion of the use of the use of energy from Renewable Resources, Turkey\u2019s primary goal was defined as to increase the share of domestic and renewable energy resources in the total installed power capacity.<\/p>\t\t\t\t\t\t<\/div>\n\t\t\t\t<\/div>\n\t\t\t\t<div class=\"elementor-element elementor-element-eb1b51b elementor-widget elementor-widget-image\" data-id=\"eb1b51b\" data-element_type=\"widget\" data-widget_type=\"image.default\">\n\t\t\t\t<div class=\"elementor-widget-container\">\n\t\t\t\t\t\t\t\t\t\t\t\t\t<img decoding=\"async\" src=\"https:\/\/energyworks.com.tr\/wp-content\/uploads\/2019\/06\/Energy-Profile-in-Turkey-e1559553468690.png\" title=\"\" alt=\"\" loading=\"lazy\" \/>\t\t\t\t\t\t\t\t\t\t\t\t\t<\/div>\n\t\t\t\t<\/div>\n\t\t\t\t<div class=\"elementor-element elementor-element-320c4ac elementor-widget elementor-widget-text-editor\" data-id=\"320c4ac\" data-element_type=\"widget\" data-widget_type=\"text-editor.default\">\n\t\t\t\t<div class=\"elementor-widget-container\">\n\t\t\t\t\t\t\t<p><span style=\"font-size: 14px;\">In this new period, three investment models are in place in the Turkish renewable energy market: Unlicensed, Licensed and YEKA model.<\/span><\/p><p>According to the regulation on Unlicensed Power Generation, real and legal persons may license-free generate electricity from a Solar PV power plant, provided that the installed capacity will not exceed 1 MW. Some types of Unlicensed Solar PV systems may exceed the 1 MW limit, if they are to use the energy that they generated to meet their own electricity. Beyond that, until the amendments that were made to the unlicensed generation regulation on 23 March 2016, it was not clear, whether any given unlicensed Solar PV power plants are allowed to be developed within the same region, by multiple power plants each having an installed capacity up to 1 MW. This has been criticized as a reason for circumventing the rules concerning licensing requirements. Therefore, due to the, its size (up to 1 MW) limit, latest regulatory changes and extreme fee charges (distribution fee), investing for Unlicensed Solar PV power plants is not a good option for the large-scale investors.<\/p><p>Licensed Solar PV power plants deals with the types of investment models over 1 MW installed capacity. For licensed Solar PV investments, the investors apply to EMRA for pre-license in the first stage. The current regulation on licensing requires the applicants must have metering data of at least 1-year period, but only half of the data must be collected on site for Solar PV systems. Ministry of Energy and Natural Resources announced the grid connection capacities in total 600 MW for Solar PV energy based licensed production facilities in 2011 and starting from 2014, Solar PV power generation licenses are being granted to applicants until the mid of 2015 for 600 MW by auctions in 27 different regions in Turkey. Additional connection capacities are to be announced every year on 1st of April, starting from 2014. However, for licensed Solar PV no announcements were made since then.<\/p><p>The rate of Licensed Solar PV power plants installation is so slow compared to the Unlicensed model due to the allocated capacity, which was 600 MW and high contribution margins offered during the tender processes. Until now, 3 of the licensed Solar PV power plants with 22.9 MW connection capacity, have been successfully commissioned and started commercial operations. The remaining licensed Solar PV power plants either in pre-license, license or construction period.<\/p>\t\t\t\t\t\t<\/div>\n\t\t\t\t<\/div>\n\t\t\t\t<div class=\"elementor-element elementor-element-9b76008 elementor-widget elementor-widget-image\" data-id=\"9b76008\" data-element_type=\"widget\" data-widget_type=\"image.default\">\n\t\t\t\t<div class=\"elementor-widget-container\">\n\t\t\t\t\t\t\t\t\t\t\t\t\t<img decoding=\"async\" src=\"https:\/\/energyworks.com.tr\/wp-content\/uploads\/2019\/06\/Unlicensed-vs-Licensed-e1559553666193.png\" title=\"\" alt=\"\" loading=\"lazy\" \/>\t\t\t\t\t\t\t\t\t\t\t\t\t<\/div>\n\t\t\t\t<\/div>\n\t\t\t\t<div class=\"elementor-element elementor-element-192482c elementor-widget elementor-widget-text-editor\" data-id=\"192482c\" data-element_type=\"widget\" data-widget_type=\"text-editor.default\">\n\t\t\t\t<div class=\"elementor-widget-container\">\n\t\t\t\t\t\t\t<p><span style=\"font-size: 14px;\">In contrast with the earlier Electricity Market License Legislation, share transfer of the Licensed Solar PV plant is stretched out with the newest version of Electricity Market License Legislation published in 2017. In the previous version, change in the shareholding structure before provisional acceptance was prohibited. In recent months, the cost of the main Solar PV components (PV Module and Inverter) show a falling tendency. In parallel, the depreciation in Turkish Lira against European Euro and American Dollar in the recent months, also having a positive financial impact on contribution margins offered in Turkish Lira during tender process to grant licenses. Therefore, the Licensed Solar PV power plants, which are under pre-license, license and construction stages can be a suitable investment model for the investors.<\/span><\/p><p>The last investment model investigated in this report is YEKA, which is the new renewable support scheme of Turkey and its legal structure designed in the Regulation on Renewable Energy Resources Areas (YEKA regulation), which came into force in 2016. YEKA model is mainly the composition of two main facts for supporting Renewable Energy investments. The first is establishing large scale renewable energy resources, and the second is enabling using high-tech equipment, which are domestically manufactured or supplied. In accordance with the regulation, YEKAs are to be developed by two means: As a result of operations conducted by the General Directorate of Renewable Energy (YEGM); or as a result of the tender of connection capacity allocation for YEKAs and the operations to be conducted afterwards.<\/p><p>The potential sites for new solar YEKA projects for which tenders are planned to be held in 2018, were recently announced by the General Directorate of Renewable Energy (YEGM). Details of the new tenders, such as allocation mechanism (new factory or procurement form local manufacturers), localization rate, and ceiling price are also planned to be released in the following months accordingly. The fifteen-year duration of YEKA and some other positive facts of Turkey\u2019s developing country status including its grooving demand for electricity in the USD exchange base price makes YEKA attractive for the investors.<\/p><p>In summary, Turkey with its unique location, growing population and developing economy is a promising country for successful development of solar investments. The regulatory frame work that provides incentives for both licensed and YEKA Solar Power PV power generation investments has gradually developed since the publication of the Renewable Energy Law. By the opportunity of the new tenders, which are announced by General Directorate of Renewable Energy, YEKA Solar PV investment models will gain momentum in the near future. Considering the targets designated by the government for Solar PV, the Turkish solar PV market, is definitely a niche sector for international investors.<\/p>\t\t\t\t\t\t<\/div>\n\t\t\t\t<\/div>\n\t\t\t\t<section class=\"elementor-section elementor-inner-section elementor-element elementor-element-f854d68 elementor-section-boxed elementor-section-height-default elementor-section-height-default\" data-id=\"f854d68\" data-element_type=\"section\" data-settings=\"{&quot;background_background&quot;:&quot;classic&quot;}\">\n\t\t\t\t\t\t\t<div class=\"elementor-background-overlay\"><\/div>\n\t\t\t\t\t\t\t<div class=\"elementor-container elementor-column-gap-default\">\n\t\t\t\t\t<div class=\"elementor-column elementor-col-33 elementor-inner-column elementor-element elementor-element-f0e873e\" data-id=\"f0e873e\" data-element_type=\"column\" data-settings=\"{&quot;background_background&quot;:&quot;classic&quot;}\">\n\t\t\t<div class=\"elementor-widget-wrap elementor-element-populated\">\n\t\t\t\t\t\t<div class=\"elementor-element elementor-element-03e0f21 elementor-widget elementor-widget-text-editor\" data-id=\"03e0f21\" data-element_type=\"widget\" data-widget_type=\"text-editor.default\">\n\t\t\t\t<div class=\"elementor-widget-container\">\n\t\t\t\t\t\t\t<h4>Yazar: Alper T\u00fcrkten<\/h4>\t\t\t\t\t\t<\/div>\n\t\t\t\t<\/div>\n\t\t\t\t\t<\/div>\n\t\t<\/div>\n\t\t\t\t<div class=\"elementor-column elementor-col-33 elementor-inner-column elementor-element elementor-element-c3ae066\" data-id=\"c3ae066\" data-element_type=\"column\">\n\t\t\t<div class=\"elementor-widget-wrap elementor-element-populated\">\n\t\t\t\t\t\t<div class=\"elementor-element elementor-element-1d6721b elementor-widget elementor-widget-text-editor\" data-id=\"1d6721b\" data-element_type=\"widget\" data-widget_type=\"text-editor.default\">\n\t\t\t\t<div class=\"elementor-widget-container\">\n\t\t\t\t\t\t\t<h4>Date: August 15, 2018<\/h4>\t\t\t\t\t\t<\/div>\n\t\t\t\t<\/div>\n\t\t\t\t\t<\/div>\n\t\t<\/div>\n\t\t\t\t<div class=\"elementor-column elementor-col-33 elementor-inner-column elementor-element elementor-element-61c9897\" data-id=\"61c9897\" data-element_type=\"column\">\n\t\t\t<div class=\"elementor-widget-wrap elementor-element-populated\">\n\t\t\t\t\t\t<div class=\"elementor-element elementor-element-cdf0316 elementor-widget elementor-widget-heading\" data-id=\"cdf0316\" data-element_type=\"widget\" data-settings=\"{&quot;_animation&quot;:&quot;none&quot;}\" data-widget_type=\"heading.default\">\n\t\t\t\t<div class=\"elementor-widget-container\">\n\t\t\t<h2 class=\"elementor-heading-title elementor-size-default\"><a href=\"\/tr\/contact\/\">Daha Fazlas\u0131 \u0130\u00e7in <\/a><\/h2>\t\t<\/div>\n\t\t\t\t<\/div>\n\t\t\t\t\t<\/div>\n\t\t<\/div>\n\t\t\t\t\t<\/div>\n\t\t<\/section>\n\t\t\t\t\t<\/div>\n\t\t<\/div>\n\t\t\t\t\t<\/div>\n\t\t<\/section>\n\t\t\t\t<section class=\"elementor-section elementor-top-section elementor-element elementor-element-359801c7 elementor-section-boxed elementor-section-height-default elementor-section-height-default\" data-id=\"359801c7\" data-element_type=\"section\">\n\t\t\t\t\t\t<div class=\"elementor-container elementor-column-gap-default\">\n\t\t\t\t\t<div class=\"elementor-column elementor-col-100 elementor-top-column elementor-element elementor-element-158fdf73\" data-id=\"158fdf73\" data-element_type=\"column\">\n\t\t\t<div class=\"elementor-widget-wrap elementor-element-populated\">\n\t\t\t\t\t\t<section class=\"elementor-section elementor-inner-section elementor-element elementor-element-4d237e84 elementor-section-full_width elementor-section-height-default elementor-section-height-default\" data-id=\"4d237e84\" data-element_type=\"section\">\n\t\t\t\t\t\t<div class=\"elementor-container elementor-column-gap-default\">\n\t\t\t\t\t<div class=\"elementor-column elementor-col-14 elementor-inner-column elementor-element elementor-element-61484392\" data-id=\"61484392\" data-element_type=\"column\">\n\t\t\t<div class=\"elementor-widget-wrap elementor-element-populated\">\n\t\t\t\t\t\t<div class=\"elementor-element elementor-element-3df1def0 elementor-widget elementor-widget-image\" data-id=\"3df1def0\" data-element_type=\"widget\" data-widget_type=\"image.default\">\n\t\t\t\t<div class=\"elementor-widget-container\">\n\t\t\t\t\t\t\t\t\t\t\t\t\t\t<a href=\"\/tr\/home\/\">\n\t\t\t\t\t\t\t<img decoding=\"async\" width=\"405\" height=\"76\" src=\"https:\/\/energyworks.com.tr\/wp-content\/uploads\/2023\/09\/cropped-EnergyWorks_Logo.png\" class=\"attachment-large size-large wp-image-6055\" alt=\"\" srcset=\"https:\/\/energyworks.com.tr\/wp-content\/uploads\/2023\/09\/cropped-EnergyWorks_Logo.png 405w, https:\/\/energyworks.com.tr\/wp-content\/uploads\/2023\/09\/cropped-EnergyWorks_Logo-300x56.png 300w, https:\/\/energyworks.com.tr\/wp-content\/uploads\/2023\/09\/cropped-EnergyWorks_Logo-18x3.png 18w\" sizes=\"(max-width: 405px) 100vw, 405px\" \/>\t\t\t\t\t\t\t\t<\/a>\n\t\t\t\t\t\t\t\t\t\t\t\t\t<\/div>\n\t\t\t\t<\/div>\n\t\t\t\t\t<\/div>\n\t\t<\/div>\n\t\t\t\t<div class=\"elementor-column elementor-col-14 elementor-inner-column elementor-element elementor-element-64e27a2f\" data-id=\"64e27a2f\" data-element_type=\"column\">\n\t\t\t<div class=\"elementor-widget-wrap\">\n\t\t\t\t\t\t\t<\/div>\n\t\t<\/div>\n\t\t\t\t<div class=\"elementor-column elementor-col-14 elementor-inner-column elementor-element elementor-element-44ab7cb0\" data-id=\"44ab7cb0\" data-element_type=\"column\">\n\t\t\t<div class=\"elementor-widget-wrap\">\n\t\t\t\t\t\t\t<\/div>\n\t\t<\/div>\n\t\t\t\t<div class=\"elementor-column elementor-col-14 elementor-inner-column elementor-element elementor-element-356acfbe\" data-id=\"356acfbe\" data-element_type=\"column\">\n\t\t\t<div class=\"elementor-widget-wrap\">\n\t\t\t\t\t\t\t<\/div>\n\t\t<\/div>\n\t\t\t\t<div class=\"elementor-column elementor-col-14 elementor-inner-column elementor-element elementor-element-c04627f\" data-id=\"c04627f\" data-element_type=\"column\">\n\t\t\t<div class=\"elementor-widget-wrap\">\n\t\t\t\t\t\t\t<\/div>\n\t\t<\/div>\n\t\t\t\t<div class=\"elementor-column elementor-col-14 elementor-inner-column elementor-element elementor-element-142a5d63\" data-id=\"142a5d63\" data-element_type=\"column\">\n\t\t\t<div class=\"elementor-widget-wrap elementor-element-populated\">\n\t\t\t\t\t\t<div class=\"elementor-element elementor-element-51a6ac2f elementor-widget elementor-widget-heading\" data-id=\"51a6ac2f\" data-element_type=\"widget\" data-settings=\"{&quot;_animation&quot;:&quot;none&quot;}\" data-widget_type=\"heading.default\">\n\t\t\t\t<div class=\"elementor-widget-container\">\n\t\t\t<h2 class=\"elementor-heading-title elementor-size-default\"><a href=\"\/tr\/Insights\/\">\u0130\u00e7erik<\/a><\/h2>\t\t<\/div>\n\t\t\t\t<\/div>\n\t\t\t\t\t<\/div>\n\t\t<\/div>\n\t\t\t\t<div class=\"elementor-column elementor-col-14 elementor-inner-column elementor-element elementor-element-76d03f0d\" data-id=\"76d03f0d\" data-element_type=\"column\">\n\t\t\t<div class=\"elementor-widget-wrap elementor-element-populated\">\n\t\t\t\t\t\t<div class=\"elementor-element elementor-element-65761fb0 elementor-widget elementor-widget-heading\" data-id=\"65761fb0\" data-element_type=\"widget\" data-widget_type=\"heading.default\">\n\t\t\t\t<div class=\"elementor-widget-container\">\n\t\t\t<h2 class=\"elementor-heading-title elementor-size-default\"><a href=\"\/tr\/Contact\/\">\u0130leti\u015fime ge\u00e7<\/a><\/h2>\t\t<\/div>\n\t\t\t\t<\/div>\n\t\t\t\t\t<\/div>\n\t\t<\/div>\n\t\t\t\t\t<\/div>\n\t\t<\/section>\n\t\t\t\t<section class=\"elementor-section elementor-inner-section elementor-element elementor-element-c41d867 elementor-section-full_width elementor-section-height-default elementor-section-height-default\" data-id=\"c41d867\" data-element_type=\"section\">\n\t\t\t\t\t\t<div class=\"elementor-container elementor-column-gap-default\">\n\t\t\t\t\t<div class=\"elementor-column elementor-col-100 elementor-inner-column elementor-element elementor-element-290f17a7\" data-id=\"290f17a7\" data-element_type=\"column\">\n\t\t\t<div class=\"elementor-widget-wrap elementor-element-populated\">\n\t\t\t\t\t\t<div class=\"elementor-element elementor-element-6d764df7 elementor-widget elementor-widget-image\" data-id=\"6d764df7\" data-element_type=\"widget\" data-widget_type=\"image.default\">\n\t\t\t\t<div class=\"elementor-widget-container\">\n\t\t\t\t\t\t\t\t\t\t\t\t\t<img decoding=\"async\" width=\"1392\" height=\"19\" src=\"https:\/\/energyworks.com.tr\/wp-content\/uploads\/2019\/06\/Line_1.png\" class=\"attachment-full size-full wp-image-2665\" alt=\"\" srcset=\"https:\/\/energyworks.com.tr\/wp-content\/uploads\/2019\/06\/Line_1.png 1392w, https:\/\/energyworks.com.tr\/wp-content\/uploads\/2019\/06\/Line_1-300x4.png 300w, https:\/\/energyworks.com.tr\/wp-content\/uploads\/2019\/06\/Line_1-768x10.png 768w, https:\/\/energyworks.com.tr\/wp-content\/uploads\/2019\/06\/Line_1-1024x14.png 1024w\" sizes=\"(max-width: 1392px) 100vw, 1392px\" \/>\t\t\t\t\t\t\t\t\t\t\t\t\t<\/div>\n\t\t\t\t<\/div>\n\t\t\t\t\t<\/div>\n\t\t<\/div>\n\t\t\t\t\t<\/div>\n\t\t<\/section>\n\t\t\t\t\t<\/div>\n\t\t<\/div>\n\t\t\t\t\t<\/div>\n\t\t<\/section>\n\t\t\t\t<\/div>","protected":false},"excerpt":{"rendered":"<p>Featured Insights Solar PV Market and Investment Opportunities in Turkey Turkey has a substantial amount of renewable energy potential, and the utilization of this potential has been increasing over the last decade. By the end of July 2018, hydro and wind resources constitute the vast majority of the Turkey\u2019s renewable energy resources, accounting for 27,456 [&hellip;]<\/p>","protected":false},"author":1,"featured_media":0,"parent":673,"menu_order":0,"comment_status":"closed","ping_status":"closed","template":"","meta":{"ocean_post_layout":"full-screen","ocean_both_sidebars_style":"","ocean_both_sidebars_content_width":0,"ocean_both_sidebars_sidebars_width":0,"ocean_sidebar":"0","ocean_second_sidebar":"0","ocean_disable_margins":"enable","ocean_add_body_class":"","ocean_shortcode_before_top_bar":"","ocean_shortcode_after_top_bar":"","ocean_shortcode_before_header":"","ocean_shortcode_after_header":"","ocean_has_shortcode":"","ocean_shortcode_after_title":"","ocean_shortcode_before_footer_widgets":"","ocean_shortcode_after_footer_widgets":"","ocean_shortcode_before_footer_bottom":"","ocean_shortcode_after_footer_bottom":"","ocean_display_top_bar":"default","ocean_display_header":"default","ocean_header_style":"","ocean_center_header_left_menu":"0","ocean_custom_header_template":"0","ocean_custom_logo":0,"ocean_custom_retina_logo":0,"ocean_custom_logo_max_width":0,"ocean_custom_logo_tablet_max_width":0,"ocean_custom_logo_mobile_max_width":0,"ocean_custom_logo_max_height":0,"ocean_custom_logo_tablet_max_height":0,"ocean_custom_logo_mobile_max_height":0,"ocean_header_custom_menu":"0","ocean_menu_typo_font_family":"0","ocean_menu_typo_font_subset":"","ocean_menu_typo_font_size":0,"ocean_menu_typo_font_size_tablet":0,"ocean_menu_typo_font_size_mobile":0,"ocean_menu_typo_font_size_unit":"px","ocean_menu_typo_font_weight":"","ocean_menu_typo_font_weight_tablet":"","ocean_menu_typo_font_weight_mobile":"","ocean_menu_typo_transform":"","ocean_menu_typo_transform_tablet":"","ocean_menu_typo_transform_mobile":"","ocean_menu_typo_line_height":0,"ocean_menu_typo_line_height_tablet":0,"ocean_menu_typo_line_height_mobile":0,"ocean_menu_typo_line_height_unit":"","ocean_menu_typo_spacing":0,"ocean_menu_typo_spacing_tablet":0,"ocean_menu_typo_spacing_mobile":0,"ocean_menu_typo_spacing_unit":"","ocean_menu_link_color":"","ocean_menu_link_color_hover":"","ocean_menu_link_color_active":"","ocean_menu_link_background":"","ocean_menu_link_hover_background":"","ocean_menu_link_active_background":"","ocean_menu_social_links_bg":"","ocean_menu_social_hover_links_bg":"","ocean_menu_social_links_color":"","ocean_menu_social_hover_links_color":"","ocean_disable_title":"on","ocean_disable_heading":"default","ocean_post_title":"","ocean_post_subheading":"","ocean_post_title_style":"","ocean_post_title_background_color":"","ocean_post_title_background":0,"ocean_post_title_bg_image_position":"","ocean_post_title_bg_image_attachment":"","ocean_post_title_bg_image_repeat":"","ocean_post_title_bg_image_size":"","ocean_post_title_height":0,"ocean_post_title_bg_overlay":0.5,"ocean_post_title_bg_overlay_color":"","ocean_disable_breadcrumbs":"default","ocean_breadcrumbs_color":"","ocean_breadcrumbs_separator_color":"","ocean_breadcrumbs_links_color":"","ocean_breadcrumbs_links_hover_color":"","ocean_display_footer_widgets":"default","ocean_display_footer_bottom":"default","ocean_custom_footer_template":"0","footnotes":""},"_links":{"self":[{"href":"https:\/\/energyworks.com.tr\/tr\/wp-json\/wp\/v2\/pages\/2184"}],"collection":[{"href":"https:\/\/energyworks.com.tr\/tr\/wp-json\/wp\/v2\/pages"}],"about":[{"href":"https:\/\/energyworks.com.tr\/tr\/wp-json\/wp\/v2\/types\/page"}],"author":[{"embeddable":true,"href":"https:\/\/energyworks.com.tr\/tr\/wp-json\/wp\/v2\/users\/1"}],"replies":[{"embeddable":true,"href":"https:\/\/energyworks.com.tr\/tr\/wp-json\/wp\/v2\/comments?post=2184"}],"version-history":[{"count":164,"href":"https:\/\/energyworks.com.tr\/tr\/wp-json\/wp\/v2\/pages\/2184\/revisions"}],"predecessor-version":[{"id":6071,"href":"https:\/\/energyworks.com.tr\/tr\/wp-json\/wp\/v2\/pages\/2184\/revisions\/6071"}],"up":[{"embeddable":true,"href":"https:\/\/energyworks.com.tr\/tr\/wp-json\/wp\/v2\/pages\/673"}],"wp:attachment":[{"href":"https:\/\/energyworks.com.tr\/tr\/wp-json\/wp\/v2\/media?parent=2184"}],"curies":[{"name":"wp","href":"https:\/\/api.w.org\/{rel}","templated":true}]}}