{"id":316,"date":"2018-11-30T14:15:03","date_gmt":"2018-11-30T14:15:03","guid":{"rendered":"http:\/\/31e.a54.mywebsitetransfer.com\/?page_id=316"},"modified":"2023-10-01T09:53:38","modified_gmt":"2023-10-01T09:53:38","slug":"about","status":"publish","type":"page","link":"https:\/\/energyworks.com.tr\/tr\/about\/","title":{"rendered":"Hakk\u0131m\u0131zda"},"content":{"rendered":"<div data-elementor-type=\"wp-post\" data-elementor-id=\"316\" class=\"elementor elementor-316\">\n\t\t\t\t\t\t<section class=\"elementor-section elementor-top-section elementor-element elementor-element-763c54b elementor-section-content-middle elementor-section-height-min-height elementor-section-boxed elementor-section-height-default elementor-section-items-middle\" data-id=\"763c54b\" data-element_type=\"section\">\n\t\t\t\t\t\t<div class=\"elementor-container elementor-column-gap-no\">\n\t\t\t\t\t<div class=\"elementor-column elementor-col-100 elementor-top-column elementor-element elementor-element-60d2e8c\" data-id=\"60d2e8c\" data-element_type=\"column\" data-settings=\"{&quot;background_background&quot;:&quot;classic&quot;}\">\n\t\t\t<div class=\"elementor-widget-wrap elementor-element-populated\">\n\t\t\t\t\t\t<section class=\"elementor-section elementor-inner-section elementor-element elementor-element-cc4f9bb elementor-section-content-middle elementor-section-boxed elementor-section-height-default elementor-section-height-default\" data-id=\"cc4f9bb\" data-element_type=\"section\" data-settings=\"{&quot;background_background&quot;:&quot;classic&quot;}\">\n\t\t\t\t\t\t<div class=\"elementor-container elementor-column-gap-no\">\n\t\t\t\t\t<div class=\"elementor-column elementor-col-100 elementor-inner-column elementor-element elementor-element-0f04134\" data-id=\"0f04134\" data-element_type=\"column\">\n\t\t\t<div class=\"elementor-widget-wrap elementor-element-populated\">\n\t\t\t\t\t\t<div class=\"elementor-element elementor-element-a2d664c elementor-widget elementor-widget-heading\" data-id=\"a2d664c\" data-element_type=\"widget\" data-widget_type=\"heading.default\">\n\t\t\t\t<div class=\"elementor-widget-container\">\n\t\t\t<h2 class=\"elementor-heading-title elementor-size-default\">Hakk\u0131m\u0131zda<\/h2>\t\t<\/div>\n\t\t\t\t<\/div>\n\t\t\t\t\t<\/div>\n\t\t<\/div>\n\t\t\t\t\t<\/div>\n\t\t<\/section>\n\t\t\t\t\t<\/div>\n\t\t<\/div>\n\t\t\t\t\t<\/div>\n\t\t<\/section>\n\t\t\t\t<section class=\"elementor-section elementor-top-section elementor-element elementor-element-4054a710 elementor-section-height-min-height elementor-section-content-middle elementor-section-boxed elementor-section-height-default elementor-section-items-middle\" data-id=\"4054a710\" data-element_type=\"section\" data-settings=\"{&quot;background_background&quot;:&quot;classic&quot;}\">\n\t\t\t\t\t\t<div class=\"elementor-container elementor-column-gap-default\">\n\t\t\t\t\t<div class=\"elementor-column elementor-col-100 elementor-top-column elementor-element elementor-element-53f79427\" data-id=\"53f79427\" data-element_type=\"column\" data-settings=\"{&quot;background_background&quot;:&quot;classic&quot;}\">\n\t\t\t<div class=\"elementor-widget-wrap elementor-element-populated\">\n\t\t\t\t\t\t<section class=\"elementor-section elementor-inner-section elementor-element elementor-element-3ab05a30 elementor-section-height-min-height elementor-section-content-top elementor-section-boxed elementor-section-height-default\" data-id=\"3ab05a30\" data-element_type=\"section\">\n\t\t\t\t\t\t<div class=\"elementor-container elementor-column-gap-default\">\n\t\t\t\t\t<div class=\"elementor-column elementor-col-50 elementor-inner-column elementor-element elementor-element-538f48e3\" data-id=\"538f48e3\" data-element_type=\"column\">\n\t\t\t<div class=\"elementor-widget-wrap elementor-element-populated\">\n\t\t\t\t\t\t<div class=\"elementor-element elementor-element-d84fb75 elementor-widget elementor-widget-text-editor\" data-id=\"d84fb75\" data-element_type=\"widget\" data-widget_type=\"text-editor.default\">\n\t\t\t\t<div class=\"elementor-widget-container\">\n\t\t\t\t\t\t\t<p>EnergyWorks ile Tan\u0131\u015f\u0131n<\/p>\t\t\t\t\t\t<\/div>\n\t\t\t\t<\/div>\n\t\t\t\t<div class=\"elementor-element elementor-element-4fe8d6f8 elementor-widget elementor-widget-text-editor\" data-id=\"4fe8d6f8\" data-element_type=\"widget\" data-widget_type=\"text-editor.default\">\n\t\t\t\t<div class=\"elementor-widget-container\">\n\t\t\t\t\t\t\t<p>EnergyWorks, 2018 y\u0131l\u0131nda \u0130stanbul'da kurulmu\u015f \u00f6zel bir m\u00fchendislik, dan\u0131\u015fmanl\u0131k ve anahtar teslim kurulum \u015firketidir.<\/p><p>Global anlamda fizibilite raporlar\u0131 haz\u0131rl\u0131yor, projeleri y\u00f6netiyor, k\u00fc\u00e7\u00fck ve b\u00fcy\u00fck \u00f6l\u00e7ekli enerji santralleri ve elektrik da\u011f\u0131t\u0131m sistemlerini tasarl\u0131yor ve in\u015fa ediyoruz.<\/p><p>Kendimizi i\u015fbirli\u011fine dayal\u0131 bir geli\u015fime ve daha iyi bir d\u00fcnya i\u00e7in g\u00fcvenilir ve yenilik\u00e7i enerji \u00e7\u00f6z\u00fcmleri sa\u011flamaya adad\u0131k.<\/p><p>Bir hayalin varsa gel bizimle payla\u015f. G\u00fcvenilir ve yenilik\u00e7i i\u015f ortaklar\u0131 ar\u0131yoruz.<\/p>\t\t\t\t\t\t<\/div>\n\t\t\t\t<\/div>\n\t\t\t\t\t<\/div>\n\t\t<\/div>\n\t\t\t\t<div class=\"elementor-column elementor-col-50 elementor-inner-column elementor-element elementor-element-12b887f6\" data-id=\"12b887f6\" data-element_type=\"column\">\n\t\t\t<div class=\"elementor-widget-wrap elementor-element-populated\">\n\t\t\t\t\t\t<div class=\"elementor-element elementor-element-754c995 elementor-widget elementor-widget-text-editor\" data-id=\"754c995\" data-element_type=\"widget\" data-widget_type=\"text-editor.default\">\n\t\t\t\t<div class=\"elementor-widget-container\">\n\t\t\t\t\t\t\t<p>Vizyon, Misyon ve De\u011ferler<\/p>\t\t\t\t\t\t<\/div>\n\t\t\t\t<\/div>\n\t\t\t\t<div class=\"elementor-element elementor-element-074bccb elementor-widget elementor-widget-text-editor\" data-id=\"074bccb\" data-element_type=\"widget\" data-widget_type=\"text-editor.default\">\n\t\t\t\t<div class=\"elementor-widget-container\">\n\t\t\t\t\t\t\t<p>Devam eden ba\u015far\u0131m\u0131z\u0131 Vizyon, Misyon ve Temel De\u011ferlerimize bor\u00e7luyuz.<\/p><p><strong><u>Vizyon:<\/u> <\/strong>M\u00fc\u015fterilerimizin s\u00fcrd\u00fcr\u00fclebilir ve yenilik\u00e7i \u00e7\u00f6z\u00fcmler bulabilecekleri, global anlamda lider bir m\u00fchendislik, kurulum ve proje y\u00f6netim organizasyonu olmak.<\/p><p><strong><u>Misyon:<\/u> <\/strong>EnergyWorks olarak s\u00fcrd\u00fcr\u00fclebilir bir gelecek in\u015fa etmek.<\/p><p><strong><u>Temel De\u011ferler:<\/u>\u00a0<\/strong><span style=\"font-size: 14px;\">EnergyWorks' te birbirimizle, m\u00fc\u015fterilerimizle ve i\u015f ortaklar\u0131m\u0131zla a\u015fa\u011f\u0131da s\u0131ralanan be\u015f de\u011fer temelinde g\u00fc\u00e7l\u00fc ili\u015fkiler kurar\u0131z:<\/span><\/p><ul><li><strong>Etik:<\/strong> Do\u011fruluk, d\u00fcr\u00fcstl\u00fck ve adaletten taviz vermeyiz.<\/li><li><strong>K\u00fclt\u00fcr:<\/strong> \u0130\u015fimizi b\u00fcy\u00fck bir tutku ve motivasyonla yapmaktan gurur duyuyoruz.<\/li><li><strong>\u0130\u015f Sa\u011fl\u0131\u011f\u0131 ve G\u00fcvenli\u011fi:<\/strong> \u00c7al\u0131\u015fanlar\u0131m\u0131za sa\u011fl\u0131kl\u0131 \u00e7al\u0131\u015fma ortam\u0131 sa\u011flamak ve zarar g\u00f6rmemeleri i\u00e7in her t\u00fcrl\u00fc tedbiri almak birinci sorumlulu\u011fumuzdur.<\/li><li><strong>Kalite:<\/strong> \u0130tibar\u0131m\u0131z\u0131n sundu\u011fumuz de\u011ferlere ba\u011fl\u0131 oldu\u011funun fark\u0131nday\u0131z. Bu nedenle, tamamlad\u0131\u011f\u0131m\u0131z her proje i\u00e7in kalitede m\u00fckemmelli\u011fi garanti ediyoruz.<\/li><li><strong>Yenilik:<\/strong> Geli\u015fen teknolojiye ve pazar\u0131n de\u011fi\u015fen ihtiya\u00e7lar\u0131na uygun olarak becerilerimizi ve \u00e7\u00f6z\u00fcmlerimizi geli\u015ftirmek i\u00e7in dinler, \u00f6\u011frenir ve en iyi fikirleri arar\u0131z.<\/li><\/ul>\t\t\t\t\t\t<\/div>\n\t\t\t\t<\/div>\n\t\t\t\t\t<\/div>\n\t\t<\/div>\n\t\t\t\t\t<\/div>\n\t\t<\/section>\n\t\t\t\t\t<\/div>\n\t\t<\/div>\n\t\t\t\t\t<\/div>\n\t\t<\/section>\n\t\t\t\t<section class=\"elementor-section elementor-top-section elementor-element elementor-element-71d06740 elementor-section-boxed elementor-section-height-default elementor-section-height-default\" data-id=\"71d06740\" data-element_type=\"section\">\n\t\t\t\t\t\t<div class=\"elementor-container elementor-column-gap-default\">\n\t\t\t\t\t<div class=\"elementor-column elementor-col-100 elementor-top-column elementor-element elementor-element-76d40c59\" data-id=\"76d40c59\" data-element_type=\"column\">\n\t\t\t<div class=\"elementor-widget-wrap elementor-element-populated\">\n\t\t\t\t\t\t<section class=\"elementor-section elementor-inner-section elementor-element elementor-element-74222a04 elementor-section-full_width elementor-section-height-default elementor-section-height-default\" data-id=\"74222a04\" data-element_type=\"section\">\n\t\t\t\t\t\t<div class=\"elementor-container elementor-column-gap-default\">\n\t\t\t\t\t<div class=\"elementor-column elementor-col-14 elementor-inner-column elementor-element elementor-element-2569847d\" data-id=\"2569847d\" data-element_type=\"column\">\n\t\t\t<div class=\"elementor-widget-wrap elementor-element-populated\">\n\t\t\t\t\t\t<div class=\"elementor-element elementor-element-7cc88440 elementor-widget elementor-widget-image\" data-id=\"7cc88440\" data-element_type=\"widget\" data-widget_type=\"image.default\">\n\t\t\t\t<div class=\"elementor-widget-container\">\n\t\t\t\t\t\t\t\t\t\t\t\t\t\t<a href=\"\/tr\/home\/\">\n\t\t\t\t\t\t\t<img decoding=\"async\" width=\"405\" height=\"76\" src=\"https:\/\/energyworks.com.tr\/wp-content\/uploads\/2023\/09\/cropped-EnergyWorks_Logo.png\" class=\"attachment-large size-large wp-image-6055\" alt=\"\" srcset=\"https:\/\/energyworks.com.tr\/wp-content\/uploads\/2023\/09\/cropped-EnergyWorks_Logo.png 405w, https:\/\/energyworks.com.tr\/wp-content\/uploads\/2023\/09\/cropped-EnergyWorks_Logo-300x56.png 300w, https:\/\/energyworks.com.tr\/wp-content\/uploads\/2023\/09\/cropped-EnergyWorks_Logo-18x3.png 18w\" sizes=\"(max-width: 405px) 100vw, 405px\" \/>\t\t\t\t\t\t\t\t<\/a>\n\t\t\t\t\t\t\t\t\t\t\t\t\t<\/div>\n\t\t\t\t<\/div>\n\t\t\t\t\t<\/div>\n\t\t<\/div>\n\t\t\t\t<div class=\"elementor-column elementor-col-14 elementor-inner-column elementor-element elementor-element-722fad0c\" data-id=\"722fad0c\" data-element_type=\"column\">\n\t\t\t<div class=\"elementor-widget-wrap\">\n\t\t\t\t\t\t\t<\/div>\n\t\t<\/div>\n\t\t\t\t<div class=\"elementor-column elementor-col-14 elementor-inner-column elementor-element elementor-element-3af5c200\" data-id=\"3af5c200\" data-element_type=\"column\">\n\t\t\t<div class=\"elementor-widget-wrap\">\n\t\t\t\t\t\t\t<\/div>\n\t\t<\/div>\n\t\t\t\t<div class=\"elementor-column elementor-col-14 elementor-inner-column elementor-element elementor-element-a001d75\" data-id=\"a001d75\" data-element_type=\"column\">\n\t\t\t<div class=\"elementor-widget-wrap\">\n\t\t\t\t\t\t\t<\/div>\n\t\t<\/div>\n\t\t\t\t<div class=\"elementor-column elementor-col-14 elementor-inner-column elementor-element elementor-element-51680b7d\" data-id=\"51680b7d\" data-element_type=\"column\">\n\t\t\t<div class=\"elementor-widget-wrap\">\n\t\t\t\t\t\t\t<\/div>\n\t\t<\/div>\n\t\t\t\t<div class=\"elementor-column elementor-col-14 elementor-inner-column elementor-element elementor-element-22fd8bb1\" data-id=\"22fd8bb1\" data-element_type=\"column\">\n\t\t\t<div class=\"elementor-widget-wrap elementor-element-populated\">\n\t\t\t\t\t\t<div class=\"elementor-element elementor-element-4b3a0298 elementor-widget elementor-widget-heading\" data-id=\"4b3a0298\" data-element_type=\"widget\" data-settings=\"{&quot;_animation&quot;:&quot;none&quot;}\" data-widget_type=\"heading.default\">\n\t\t\t\t<div class=\"elementor-widget-container\">\n\t\t\t<h2 class=\"elementor-heading-title elementor-size-default\"><a href=\"\/tr\/Insights\/\">\u0130\u00e7erik<\/a><\/h2>\t\t<\/div>\n\t\t\t\t<\/div>\n\t\t\t\t\t<\/div>\n\t\t<\/div>\n\t\t\t\t<div class=\"elementor-column elementor-col-14 elementor-inner-column elementor-element elementor-element-a96d014\" data-id=\"a96d014\" data-element_type=\"column\">\n\t\t\t<div class=\"elementor-widget-wrap elementor-element-populated\">\n\t\t\t\t\t\t<div class=\"elementor-element elementor-element-111ffe77 elementor-widget elementor-widget-heading\" data-id=\"111ffe77\" data-element_type=\"widget\" data-widget_type=\"heading.default\">\n\t\t\t\t<div class=\"elementor-widget-container\">\n\t\t\t<h2 class=\"elementor-heading-title elementor-size-default\"><a href=\"\/tr\/Contact\/\">\u0130leti\u015fime ge\u00e7<\/a><\/h2>\t\t<\/div>\n\t\t\t\t<\/div>\n\t\t\t\t\t<\/div>\n\t\t<\/div>\n\t\t\t\t\t<\/div>\n\t\t<\/section>\n\t\t\t\t<section class=\"elementor-section elementor-inner-section elementor-element elementor-element-65502baf elementor-section-full_width elementor-section-height-default elementor-section-height-default\" data-id=\"65502baf\" data-element_type=\"section\">\n\t\t\t\t\t\t<div class=\"elementor-container elementor-column-gap-default\">\n\t\t\t\t\t<div class=\"elementor-column elementor-col-100 elementor-inner-column elementor-element elementor-element-23158f1b\" data-id=\"23158f1b\" data-element_type=\"column\">\n\t\t\t<div class=\"elementor-widget-wrap elementor-element-populated\">\n\t\t\t\t\t\t<div class=\"elementor-element elementor-element-63bce715 elementor-widget elementor-widget-image\" data-id=\"63bce715\" data-element_type=\"widget\" data-widget_type=\"image.default\">\n\t\t\t\t<div class=\"elementor-widget-container\">\n\t\t\t\t\t\t\t\t\t\t\t\t\t<img decoding=\"async\" width=\"1392\" height=\"19\" src=\"https:\/\/energyworks.com.tr\/wp-content\/uploads\/2019\/06\/Line_1.png\" class=\"attachment-full size-full wp-image-2665\" alt=\"\" srcset=\"https:\/\/energyworks.com.tr\/wp-content\/uploads\/2019\/06\/Line_1.png 1392w, https:\/\/energyworks.com.tr\/wp-content\/uploads\/2019\/06\/Line_1-300x4.png 300w, https:\/\/energyworks.com.tr\/wp-content\/uploads\/2019\/06\/Line_1-768x10.png 768w, https:\/\/energyworks.com.tr\/wp-content\/uploads\/2019\/06\/Line_1-1024x14.png 1024w\" sizes=\"(max-width: 1392px) 100vw, 1392px\" \/>\t\t\t\t\t\t\t\t\t\t\t\t\t<\/div>\n\t\t\t\t<\/div>\n\t\t\t\t\t<\/div>\n\t\t<\/div>\n\t\t\t\t\t<\/div>\n\t\t<\/section>\n\t\t\t\t\t<\/div>\n\t\t<\/div>\n\t\t\t\t\t<\/div>\n\t\t<\/section>\n\t\t\t\t<\/div>","protected":false},"excerpt":{"rendered":"<p>About Us Meet EnergyWorks EnergyWorks is a privately-owned engineering, consulting and construction company, which was founded in Istanbul, in 2018. Worldwide we prepare feasibility reports, manage projects, engineer, design and construct small and utility scale power plants and electrical distribution systems. We have committed ourselves to developing a collaborative entity across the world and providing [&hellip;]<\/p>","protected":false},"author":1,"featured_media":0,"parent":0,"menu_order":0,"comment_status":"closed","ping_status":"closed","template":"","meta":{"ocean_post_layout":"full-screen","ocean_both_sidebars_style":"","ocean_both_sidebars_content_width":0,"ocean_both_sidebars_sidebars_width":0,"ocean_sidebar":"0","ocean_second_sidebar":"0","ocean_disable_margins":"enable","ocean_add_body_class":"","ocean_shortcode_before_top_bar":"","ocean_shortcode_after_top_bar":"","ocean_shortcode_before_header":"","ocean_shortcode_after_header":"","ocean_has_shortcode":"","ocean_shortcode_after_title":"","ocean_shortcode_before_footer_widgets":"","ocean_shortcode_after_footer_widgets":"","ocean_shortcode_before_footer_bottom":"","ocean_shortcode_after_footer_bottom":"","ocean_display_top_bar":"default","ocean_display_header":"default","ocean_header_style":"","ocean_center_header_left_menu":"0","ocean_custom_header_template":"0","ocean_custom_logo":0,"ocean_custom_retina_logo":0,"ocean_custom_logo_max_width":0,"ocean_custom_logo_tablet_max_width":0,"ocean_custom_logo_mobile_max_width":0,"ocean_custom_logo_max_height":0,"ocean_custom_logo_tablet_max_height":0,"ocean_custom_logo_mobile_max_height":0,"ocean_header_custom_menu":"0","ocean_menu_typo_font_family":"0","ocean_menu_typo_font_subset":"","ocean_menu_typo_font_size":0,"ocean_menu_typo_font_size_tablet":0,"ocean_menu_typo_font_size_mobile":0,"ocean_menu_typo_font_size_unit":"px","ocean_menu_typo_font_weight":"","ocean_menu_typo_font_weight_tablet":"","ocean_menu_typo_font_weight_mobile":"","ocean_menu_typo_transform":"","ocean_menu_typo_transform_tablet":"","ocean_menu_typo_transform_mobile":"","ocean_menu_typo_line_height":0,"ocean_menu_typo_line_height_tablet":0,"ocean_menu_typo_line_height_mobile":0,"ocean_menu_typo_line_height_unit":"","ocean_menu_typo_spacing":0,"ocean_menu_typo_spacing_tablet":0,"ocean_menu_typo_spacing_mobile":0,"ocean_menu_typo_spacing_unit":"","ocean_menu_link_color":"","ocean_menu_link_color_hover":"","ocean_menu_link_color_active":"","ocean_menu_link_background":"","ocean_menu_link_hover_background":"","ocean_menu_link_active_background":"","ocean_menu_social_links_bg":"","ocean_menu_social_hover_links_bg":"","ocean_menu_social_links_color":"","ocean_menu_social_hover_links_color":"","ocean_disable_title":"on","ocean_disable_heading":"default","ocean_post_title":"","ocean_post_subheading":"","ocean_post_title_style":"","ocean_post_title_background_color":"","ocean_post_title_background":0,"ocean_post_title_bg_image_position":"","ocean_post_title_bg_image_attachment":"","ocean_post_title_bg_image_repeat":"","ocean_post_title_bg_image_size":"","ocean_post_title_height":0,"ocean_post_title_bg_overlay":0.5,"ocean_post_title_bg_overlay_color":"","ocean_disable_breadcrumbs":"default","ocean_breadcrumbs_color":"","ocean_breadcrumbs_separator_color":"","ocean_breadcrumbs_links_color":"","ocean_breadcrumbs_links_hover_color":"","ocean_display_footer_widgets":"default","ocean_display_footer_bottom":"default","ocean_custom_footer_template":"0","footnotes":""},"_links":{"self":[{"href":"https:\/\/energyworks.com.tr\/tr\/wp-json\/wp\/v2\/pages\/316"}],"collection":[{"href":"https:\/\/energyworks.com.tr\/tr\/wp-json\/wp\/v2\/pages"}],"about":[{"href":"https:\/\/energyworks.com.tr\/tr\/wp-json\/wp\/v2\/types\/page"}],"author":[{"embeddable":true,"href":"https:\/\/energyworks.com.tr\/tr\/wp-json\/wp\/v2\/users\/1"}],"replies":[{"embeddable":true,"href":"https:\/\/energyworks.com.tr\/tr\/wp-json\/wp\/v2\/comments?post=316"}],"version-history":[{"count":357,"href":"https:\/\/energyworks.com.tr\/tr\/wp-json\/wp\/v2\/pages\/316\/revisions"}],"predecessor-version":[{"id":6059,"href":"https:\/\/energyworks.com.tr\/tr\/wp-json\/wp\/v2\/pages\/316\/revisions\/6059"}],"wp:attachment":[{"href":"https:\/\/energyworks.com.tr\/tr\/wp-json\/wp\/v2\/media?parent=316"}],"curies":[{"name":"wp","href":"https:\/\/api.w.org\/{rel}","templated":true}]}}